{"id":136,"date":"2022-02-07T19:22:36","date_gmt":"2022-02-07T19:22:36","guid":{"rendered":"https:\/\/www.ahjonakka.fi\/?page_id=136"},"modified":"2024-08-15T08:33:51","modified_gmt":"2024-08-15T08:33:51","slug":"etusivu","status":"publish","type":"page","link":"https:\/\/www.ahjonakka.fi\/","title":{"rendered":""},"content":{"rendered":"<div class=\"wp-block-image\">\n<figure class=\"aligncenter size-full\"><img loading=\"lazy\" decoding=\"async\" width=\"432\" height=\"608\" src=\"https:\/\/www.ahjonakka.fi\/wp-content\/uploads\/2022\/02\/ahjohitsaus95.jpg\" alt=\"\" class=\"wp-image-113\" srcset=\"https:\/\/www.ahjonakka.fi\/wp-content\/uploads\/2022\/02\/ahjohitsaus95.jpg 432w, https:\/\/www.ahjonakka.fi\/wp-content\/uploads\/2022\/02\/ahjohitsaus95-213x300.jpg 213w\" sizes=\"auto, (max-width: 432px) 100vw, 432px\" \/><\/figure><\/div>\n\n\n<h1 class=\"wp-block-heading\" id=\"block-09f3ffac-7535-40b0-8fc1-6f94f995b04c\">Tavoitat sepp\u00e4mestarin s\u00e4hk\u00f6postitse osoitteesta iro(at)ahjonakka.fi sek\u00e4 puhelimitse 044 363 3874.<br>Taitotakomo Ahjon Akan sivut&nbsp;<a rel=\"noreferrer noopener\" href=\"https:\/\/www.facebook.com\/TaitotakomoAhjonAkka\" target=\"_blank\">Facebookissa <\/a>ovat toki my\u00f6s k\u00e4yt\u00f6ss\u00e4 <a rel=\"noreferrer noopener\" href=\"https:\/\/www.facebook.com\/messages\/t\/445592455470085\" target=\"_blank\">messengerin <\/a>kera.<br>Sopimuksen mukaan sep\u00e4n voi l\u00f6yt\u00e4\u00e4 my\u00f6s ahjonsa \u00e4\u00e4rest\u00e4&nbsp;<strong><a rel=\"noreferrer noopener\" href=\"https:\/\/goo.gl\/maps\/W39CNRYU1LWcs7LL9\" target=\"_blank\">Porista<\/a><\/strong>!<\/h1>\n","protected":false},"excerpt":{"rendered":"<p>Tavoitat sepp\u00e4mestarin s\u00e4hk\u00f6postitse osoitteesta iro(at)ahjonakka.fi sek\u00e4 puhelimitse 044 363 3874.Taitotakomo Ahjon Akan sivut&nbsp;Facebookissa ovat toki my\u00f6s k\u00e4yt\u00f6ss\u00e4 messengerin kera.Sopimuksen mukaan sep\u00e4n voi l\u00f6yt\u00e4\u00e4 my\u00f6s ahjonsa \u00e4\u00e4rest\u00e4&nbsp;Porista!<\/p>\n","protected":false},"author":1,"featured_media":0,"parent":0,"menu_order":0,"comment_status":"closed","ping_status":"closed","template":"","meta":{"two_page_speed":{"current_score":{"desktop_score":99,"desktop_tti":"0.6\u00a0","mobile_score":91,"mobile_tti":"2.5\u00a0","date":"15.08.2024 08:34:15 am"}},"footnotes":""},"class_list":["post-136","page","type-page","status-publish","hentry"],"_links":{"self":[{"href":"https:\/\/www.ahjonakka.fi\/index.php?rest_route=\/wp\/v2\/pages\/136","targetHints":{"allow":["GET"]}}],"collection":[{"href":"https:\/\/www.ahjonakka.fi\/index.php?rest_route=\/wp\/v2\/pages"}],"about":[{"href":"https:\/\/www.ahjonakka.fi\/index.php?rest_route=\/wp\/v2\/types\/page"}],"author":[{"embeddable":true,"href":"https:\/\/www.ahjonakka.fi\/index.php?rest_route=\/wp\/v2\/users\/1"}],"replies":[{"embeddable":true,"href":"https:\/\/www.ahjonakka.fi\/index.php?rest_route=%2Fwp%2Fv2%2Fcomments&post=136"}],"version-history":[{"count":12,"href":"https:\/\/www.ahjonakka.fi\/index.php?rest_route=\/wp\/v2\/pages\/136\/revisions"}],"predecessor-version":[{"id":158,"href":"https:\/\/www.ahjonakka.fi\/index.php?rest_route=\/wp\/v2\/pages\/136\/revisions\/158"}],"wp:attachment":[{"href":"https:\/\/www.ahjonakka.fi\/index.php?rest_route=%2Fwp%2Fv2%2Fmedia&parent=136"}],"curies":[{"name":"wp","href":"https:\/\/api.w.org\/{rel}","templated":true}]}}