{"id":79,"date":"2022-02-04T20:13:07","date_gmt":"2022-02-04T20:13:07","guid":{"rendered":"http:\/\/www.ahjonakka.fi\/?page_id=79"},"modified":"2022-11-05T21:14:47","modified_gmt":"2022-11-05T21:14:47","slug":"ahjon-akkako","status":"publish","type":"page","link":"https:\/\/www.ahjonakka.fi\/?page_id=79","title":{"rendered":"Ahjon Akkako?"},"content":{"rendered":"\n<h3 class=\"wp-block-heading\" id=\"no-sehan-olen-mina-iro-mantykorpi\">No seh\u00e4n olen min\u00e4, Iro M\u00e4ntykorpi!<\/h3>\n\n\n\n<p><br>Olen Meri-Porin tuulissa kasvanut sepp\u00e4mestari, jolla on monta rautaa tulessa. Taitojani olen kartuttanut monilla k\u00e4sity\u00f6aloilla kuten lavasterakentamisessa, somistamisessa sek\u00e4 valo- ja \u00e4\u00e4nitekniikassa. Silti kuumana hehkuva rauta on vienyt minut menness\u00e4\u00e4n ja sille tielle olen j\u00e4\u00e4nyt.<br>Takomista p\u00e4\u00e4sin kokeilemaan nelj\u00e4n puukonter\u00e4n verran Tyrv\u00e4\u00e4n k\u00e4si- ja taideteollisuusoppilaitoksessa opiskellessani puualalle. Kuusi vuotta kuuma rauta vaivasi mielt\u00e4ni, kunnes l\u00e4hdin opiskelemaan alaa. Mit\u00e4 enemm\u00e4n takomista opiskelin, sit\u00e4 enemm\u00e4n oppimista huomasin olevan.<br>Materiaalina ter\u00e4s kiehtoo minua, koska se on monipuolinen niin k\u00e4ytt\u00f6tarkoituksiltaan kuin ty\u00f6st\u00f6ominaisuuksiltaankin. Seosaineista riippuen ter\u00e4s soveltuu koruista ty\u00f6kaluihin ja porteista ruokailuv\u00e4lineisiin. Kuumataonnassa materiaali taipuu osaavissa k\u00e4siss\u00e4 muotoonsa kuin nahka ja lopputulos vain mielikuvituksesta kiinni.<br>Sep\u00e4ntaitoja olen opiskellut Karjaalla, jossa suoritin kis\u00e4llin ammattitutkinnon vuonna 2004 ja sepp\u00e4mestarin erikoisammattitutkinnon vuonna 2011. Koristetaontaa opiskelin Ruotsin Heden\u00e4setiss\u00e4 ja taitojani t\u00e4ydensin kokeneiden seppien kis\u00e4llin\u00e4 mm. Fiskarsissa ja Harjavallassa.<br>Hallitsen monipuolisesti sep\u00e4ntaidot perinteisist\u00e4 ty\u00f6kaluista nykyaikaiseen koristetaontaan. Tuotteitani valmistan ja myyn pajassani Porin V\u00e4h\u00e4raumalla. Teen yksil\u00f6llisi\u00e4 sep\u00e4nt\u00f6it\u00e4 sek\u00e4 piensarjoina ett\u00e4 tilauksesta nykyp\u00e4iv\u00e4n tarpeisiin, perinteit\u00e4 kunnioittaen.<br>Vuonna 2009 minut valittiin ensimm\u00e4isen\u00e4 naissepp\u00e4n\u00e4 Vuoden Taidesep\u00e4ksi ja vuonna 2010 Aino ja Mauno Riutun S\u00e4\u00e4ti\u00f6 my\u00f6nsi minulle vuoden k\u00e4dentaitaja\u2013palkinnon.<\/p>\n\n\n\n<div class=\"wp-block-image\"><figure class=\"aligncenter size-full\"><img loading=\"lazy\" decoding=\"async\" width=\"480\" height=\"480\" src=\"http:\/\/www.ahjonakka.fi\/wp-content\/uploads\/2022\/02\/AhjonAkkaIro.jpeg\" alt=\"\" class=\"wp-image-10\" srcset=\"https:\/\/www.ahjonakka.fi\/wp-content\/uploads\/2022\/02\/AhjonAkkaIro.jpeg 480w, https:\/\/www.ahjonakka.fi\/wp-content\/uploads\/2022\/02\/AhjonAkkaIro-300x300.jpeg 300w, https:\/\/www.ahjonakka.fi\/wp-content\/uploads\/2022\/02\/AhjonAkkaIro-150x150.jpeg 150w\" sizes=\"auto, (max-width: 480px) 100vw, 480px\" \/><\/figure><\/div>\n","protected":false},"excerpt":{"rendered":"<p>No seh\u00e4n olen min\u00e4, Iro M\u00e4ntykorpi! Olen Meri-Porin tuulissa kasvanut sepp\u00e4mestari, jolla on monta rautaa tulessa. Taitojani olen kartuttanut monilla k\u00e4sity\u00f6aloilla kuten lavasterakentamisessa, somistamisessa sek\u00e4 valo- ja \u00e4\u00e4nitekniikassa. Silti kuumana hehkuva rauta on vienyt minut menness\u00e4\u00e4n ja sille tielle olen j\u00e4\u00e4nyt.Takomista p\u00e4\u00e4sin kokeilemaan nelj\u00e4n puukonter\u00e4n verran Tyrv\u00e4\u00e4n k\u00e4si- ja taideteollisuusoppilaitoksessa opiskellessani puualalle. Kuusi vuotta kuuma &hellip; <\/p>\n<p class=\"link-more\"><a href=\"https:\/\/www.ahjonakka.fi\/?page_id=79\" class=\"more-link\">Jatka lukemista<span class=\"screen-reader-text\"> &#8221;Ahjon Akkako?&#8221;<\/span><\/a><\/p>\n","protected":false},"author":1,"featured_media":8,"parent":0,"menu_order":1,"comment_status":"closed","ping_status":"closed","template":"","meta":{"two_page_speed":{"previous_score":{"desktop_score":94,"desktop_tti":"0.8\u00a0","mobile_score":87,"mobile_tti":"3.0\u00a0","date":"01.11.2022 09:34:58 am"},"current_score":{"desktop_score":94,"desktop_tti":"0.8\u00a0","mobile_score":86,"mobile_tti":"3.0\u00a0","date":"05.11.2022 09:15:16 pm"}},"footnotes":""},"class_list":["post-79","page","type-page","status-publish","has-post-thumbnail","hentry"],"_links":{"self":[{"href":"https:\/\/www.ahjonakka.fi\/index.php?rest_route=\/wp\/v2\/pages\/79","targetHints":{"allow":["GET"]}}],"collection":[{"href":"https:\/\/www.ahjonakka.fi\/index.php?rest_route=\/wp\/v2\/pages"}],"about":[{"href":"https:\/\/www.ahjonakka.fi\/index.php?rest_route=\/wp\/v2\/types\/page"}],"author":[{"embeddable":true,"href":"https:\/\/www.ahjonakka.fi\/index.php?rest_route=\/wp\/v2\/users\/1"}],"replies":[{"embeddable":true,"href":"https:\/\/www.ahjonakka.fi\/index.php?rest_route=%2Fwp%2Fv2%2Fcomments&post=79"}],"version-history":[{"count":3,"href":"https:\/\/www.ahjonakka.fi\/index.php?rest_route=\/wp\/v2\/pages\/79\/revisions"}],"predecessor-version":[{"id":159,"href":"https:\/\/www.ahjonakka.fi\/index.php?rest_route=\/wp\/v2\/pages\/79\/revisions\/159"}],"wp:featuredmedia":[{"embeddable":true,"href":"https:\/\/www.ahjonakka.fi\/index.php?rest_route=\/wp\/v2\/media\/8"}],"wp:attachment":[{"href":"https:\/\/www.ahjonakka.fi\/index.php?rest_route=%2Fwp%2Fv2%2Fmedia&parent=79"}],"curies":[{"name":"wp","href":"https:\/\/api.w.org\/{rel}","templated":true}]}}